{"id":954,"date":"2018-07-07T22:05:29","date_gmt":"2018-07-07T20:05:29","guid":{"rendered":"https:\/\/inteco.biz\/?page_id=954"},"modified":"2024-03-09T18:39:52","modified_gmt":"2024-03-09T17:39:52","slug":"profil-firmy-2-2","status":"publish","type":"page","link":"https:\/\/inteco.biz\/?page_id=954&lang=en","title":{"rendered":"CERTIFICATES"},"content":{"rendered":"\t\t<div data-elementor-type=\"wp-post\" data-elementor-id=\"954\" class=\"elementor elementor-954 elementor-bc-flex-widget\">\n\t\t\t\t\t\t<section class=\"elementor-section elementor-top-section elementor-element elementor-element-d23b286 elementor-section-boxed elementor-section-height-default elementor-section-height-default\" data-id=\"d23b286\" data-element_type=\"section\">\n\t\t\t\t\t\t<div class=\"elementor-container elementor-column-gap-default\">\n\t\t\t\t\t<div class=\"elementor-column elementor-col-100 elementor-top-column elementor-element elementor-element-15a071b\" data-id=\"15a071b\" data-element_type=\"column\">\n\t\t\t<div class=\"elementor-widget-wrap elementor-element-populated\">\n\t\t\t\t\t\t\t<\/div>\n\t\t<\/div>\n\t\t\t\t\t<\/div>\n\t\t<\/section>\n\t\t\t\t<section class=\"elementor-section elementor-top-section elementor-element elementor-element-972a477 elementor-section-stretched elementor-section-boxed elementor-section-height-default elementor-section-height-default\" data-id=\"972a477\" data-element_type=\"section\" data-settings=\"{&quot;stretch_section&quot;:&quot;section-stretched&quot;}\">\n\t\t\t\t\t\t<div class=\"elementor-container elementor-column-gap-default\">\n\t\t\t\t\t<div class=\"elementor-column elementor-col-100 elementor-top-column elementor-element elementor-element-6d2617c\" data-id=\"6d2617c\" data-element_type=\"column\">\n\t\t\t<div class=\"elementor-widget-wrap elementor-element-populated\">\n\t\t\t\t\t\t<div class=\"elementor-element elementor-element-180ec22 elementor-widget elementor-widget-heading\" data-id=\"180ec22\" data-element_type=\"widget\" data-widget_type=\"heading.default\">\n\t\t\t\t<div class=\"elementor-widget-container\">\n\t\t\t\t\t<h4 class=\"elementor-heading-title elementor-size-default\">QUALITY MANAGEMENT SYSTEM<\/h4>\t\t\t\t<\/div>\n\t\t\t\t<\/div>\n\t\t\t\t<div class=\"elementor-element elementor-element-a95525f elementor-widget elementor-widget-text-editor\" data-id=\"a95525f\" data-element_type=\"widget\" data-widget_type=\"text-editor.default\">\n\t\t\t\t<div class=\"elementor-widget-container\">\n\t\t\t\t\t\t\t\t\t<p>The quality of our products is top priority for us. But without a sophisticated and integrated process quality system, this would not be possible. We own a quality management system certificate according to <strong>ISO 9001: 2016<\/strong>. It includes a code of ethics, an environmental management system and an occupational health and safety management system whose standards are integrated into company plans and policies<\/p><p>Since 2019 we have quality management certificate in welding <strong>EN ISO 3834-2\u00a0<\/strong>\u00a0with the standard<strong> EN ISO 15085-2<\/strong> (Quality requirements and certification of welders &#8211; Railways, Welding of railway vehicles and components).<\/p>\t\t\t\t\t\t\t\t<\/div>\n\t\t\t\t<\/div>\n\t\t\t\t\t<\/div>\n\t\t<\/div>\n\t\t\t\t\t<\/div>\n\t\t<\/section>\n\t\t\t\t<section class=\"elementor-section elementor-top-section elementor-element elementor-element-a18b577 elementor-section-boxed elementor-section-height-default elementor-section-height-default\" data-id=\"a18b577\" data-element_type=\"section\">\n\t\t\t\t\t\t<div class=\"elementor-container elementor-column-gap-default\">\n\t\t\t\t\t<div class=\"elementor-column elementor-col-100 elementor-top-column elementor-element elementor-element-a8f1e38\" data-id=\"a8f1e38\" data-element_type=\"column\">\n\t\t\t<div class=\"elementor-widget-wrap elementor-element-populated\">\n\t\t\t\t\t\t<div class=\"elementor-element elementor-element-8e1b0bf elementor-widget elementor-widget-image-gallery\" data-id=\"8e1b0bf\" data-element_type=\"widget\" data-widget_type=\"image-gallery.default\">\n\t\t\t\t<div class=\"elementor-widget-container\">\n\t\t\t\t\t\t\t<div class=\"elementor-image-gallery\">\n\t\t\t<div id='gallery-1' class='gallery galleryid-954 gallery-columns-3 gallery-size-medium_large'><figure class='gallery-item'>\n\t\t\t<div class='gallery-icon portrait'>\n\t\t\t\t<a data-elementor-open-lightbox=\"yes\" data-elementor-lightbox-slideshow=\"8e1b0bf\" data-elementor-lightbox-title=\"certifik\u00e1t ISO9001 SK\" data-e-action-hash=\"#elementor-action%3Aaction%3Dlightbox%26settings%3DeyJpZCI6OTUwLCJ1cmwiOiJodHRwczpcL1wvaW50ZWNvLmJpelwvd3AtY29udGVudFwvdXBsb2Fkc1wvMjAyMFwvMDNcL2NlcnRpZmlrXHUwMGUxdC1JU085MDAxLVNLLnBuZyIsInNsaWRlc2hvdyI6IjhlMWIwYmYifQ%3D%3D\" href='https:\/\/inteco.biz\/wp-content\/uploads\/2020\/03\/certifik\u00e1t-ISO9001-SK.png'><img fetchpriority=\"high\" decoding=\"async\" width=\"768\" height=\"1058\" src=\"https:\/\/inteco.biz\/wp-content\/uploads\/2020\/03\/certifik\u00e1t-ISO9001-SK-768x1058.png\" class=\"attachment-medium_large size-medium_large\" alt=\"\" srcset=\"https:\/\/inteco.biz\/wp-content\/uploads\/2020\/03\/certifik\u00e1t-ISO9001-SK-768x1058.png 768w, https:\/\/inteco.biz\/wp-content\/uploads\/2020\/03\/certifik\u00e1t-ISO9001-SK-218x300.png 218w, https:\/\/inteco.biz\/wp-content\/uploads\/2020\/03\/certifik\u00e1t-ISO9001-SK-743x1024.png 743w\" sizes=\"(max-width: 768px) 100vw, 768px\" \/><\/a>\n\t\t\t<\/div><\/figure><figure class='gallery-item'>\n\t\t\t<div class='gallery-icon portrait'>\n\t\t\t\t<a data-elementor-open-lightbox=\"yes\" data-elementor-lightbox-slideshow=\"8e1b0bf\" data-elementor-lightbox-title=\"certifik\u00e1t ISO9001 EN\" data-e-action-hash=\"#elementor-action%3Aaction%3Dlightbox%26settings%3DeyJpZCI6OTQ5LCJ1cmwiOiJodHRwczpcL1wvaW50ZWNvLmJpelwvd3AtY29udGVudFwvdXBsb2Fkc1wvMjAyMFwvMDNcL2NlcnRpZmlrXHUwMGUxdC1JU085MDAxLUVOLnBuZyIsInNsaWRlc2hvdyI6IjhlMWIwYmYifQ%3D%3D\" href='https:\/\/inteco.biz\/wp-content\/uploads\/2020\/03\/certifik\u00e1t-ISO9001-EN.png'><img decoding=\"async\" width=\"768\" height=\"1058\" src=\"https:\/\/inteco.biz\/wp-content\/uploads\/2020\/03\/certifik\u00e1t-ISO9001-EN-768x1058.png\" class=\"attachment-medium_large size-medium_large\" alt=\"\" srcset=\"https:\/\/inteco.biz\/wp-content\/uploads\/2020\/03\/certifik\u00e1t-ISO9001-EN-768x1058.png 768w, https:\/\/inteco.biz\/wp-content\/uploads\/2020\/03\/certifik\u00e1t-ISO9001-EN-218x300.png 218w, https:\/\/inteco.biz\/wp-content\/uploads\/2020\/03\/certifik\u00e1t-ISO9001-EN-743x1024.png 743w\" sizes=\"(max-width: 768px) 100vw, 768px\" \/><\/a>\n\t\t\t<\/div><\/figure><figure class='gallery-item'>\n\t\t\t<div class='gallery-icon portrait'>\n\t\t\t\t<a data-elementor-open-lightbox=\"yes\" data-elementor-lightbox-slideshow=\"8e1b0bf\" data-elementor-lightbox-title=\"Certifik\u00e1t 3834-2\" data-e-action-hash=\"#elementor-action%3Aaction%3Dlightbox%26settings%3DeyJpZCI6OTQ4LCJ1cmwiOiJodHRwczpcL1wvaW50ZWNvLmJpelwvd3AtY29udGVudFwvdXBsb2Fkc1wvMjAyMFwvMDNcL0NlcnRpZmlrXHUwMGUxdC0zODM0LTIuanBnIiwic2xpZGVzaG93IjoiOGUxYjBiZiJ9\" href='https:\/\/inteco.biz\/wp-content\/uploads\/2020\/03\/Certifik\u00e1t-3834-2.jpg'><img decoding=\"async\" width=\"768\" height=\"1086\" src=\"https:\/\/inteco.biz\/wp-content\/uploads\/2020\/03\/Certifik\u00e1t-3834-2-768x1086.jpg\" class=\"attachment-medium_large size-medium_large\" alt=\"\" srcset=\"https:\/\/inteco.biz\/wp-content\/uploads\/2020\/03\/Certifik\u00e1t-3834-2-768x1086.jpg 768w, https:\/\/inteco.biz\/wp-content\/uploads\/2020\/03\/Certifik\u00e1t-3834-2-212x300.jpg 212w, https:\/\/inteco.biz\/wp-content\/uploads\/2020\/03\/Certifik\u00e1t-3834-2-724x1024.jpg 724w\" sizes=\"(max-width: 768px) 100vw, 768px\" \/><\/a>\n\t\t\t<\/div><\/figure><figure class='gallery-item'>\n\t\t\t<div class='gallery-icon portrait'>\n\t\t\t\t<a data-elementor-open-lightbox=\"yes\" data-elementor-lightbox-slideshow=\"8e1b0bf\" data-elementor-lightbox-title=\"Certifik\u00e1t 1 (4)_Strana_1\" data-e-action-hash=\"#elementor-action%3Aaction%3Dlightbox%26settings%3DeyJpZCI6OTQ1LCJ1cmwiOiJodHRwczpcL1wvaW50ZWNvLmJpelwvd3AtY29udGVudFwvdXBsb2Fkc1wvMjAyMFwvMDNcL0NlcnRpZmlrXHUwMGUxdC0xLTRfU3RyYW5hXzEucG5nIiwic2xpZGVzaG93IjoiOGUxYjBiZiJ9\" href='https:\/\/inteco.biz\/wp-content\/uploads\/2020\/03\/Certifik\u00e1t-1-4_Strana_1.png'><img loading=\"lazy\" decoding=\"async\" width=\"768\" height=\"1086\" src=\"https:\/\/inteco.biz\/wp-content\/uploads\/2020\/03\/Certifik\u00e1t-1-4_Strana_1-768x1086.png\" class=\"attachment-medium_large size-medium_large\" alt=\"\" srcset=\"https:\/\/inteco.biz\/wp-content\/uploads\/2020\/03\/Certifik\u00e1t-1-4_Strana_1-768x1086.png 768w, https:\/\/inteco.biz\/wp-content\/uploads\/2020\/03\/Certifik\u00e1t-1-4_Strana_1-212x300.png 212w, https:\/\/inteco.biz\/wp-content\/uploads\/2020\/03\/Certifik\u00e1t-1-4_Strana_1-724x1024.png 724w\" sizes=\"(max-width: 768px) 100vw, 768px\" \/><\/a>\n\t\t\t<\/div><\/figure><figure class='gallery-item'>\n\t\t\t<div class='gallery-icon portrait'>\n\t\t\t\t<a data-elementor-open-lightbox=\"yes\" data-elementor-lightbox-slideshow=\"8e1b0bf\" data-elementor-lightbox-title=\"Certifik\u00e1t 2 (3) (002)_Strana_1\" data-e-action-hash=\"#elementor-action%3Aaction%3Dlightbox%26settings%3DeyJpZCI6OTQ2LCJ1cmwiOiJodHRwczpcL1wvaW50ZWNvLmJpelwvd3AtY29udGVudFwvdXBsb2Fkc1wvMjAyMFwvMDNcL0NlcnRpZmlrXHUwMGUxdC0yLTMtMDAyX1N0cmFuYV8xLnBuZyIsInNsaWRlc2hvdyI6IjhlMWIwYmYifQ%3D%3D\" href='https:\/\/inteco.biz\/wp-content\/uploads\/2020\/03\/Certifik\u00e1t-2-3-002_Strana_1.png'><img loading=\"lazy\" decoding=\"async\" width=\"768\" height=\"1086\" src=\"https:\/\/inteco.biz\/wp-content\/uploads\/2020\/03\/Certifik\u00e1t-2-3-002_Strana_1-768x1086.png\" class=\"attachment-medium_large size-medium_large\" alt=\"\" srcset=\"https:\/\/inteco.biz\/wp-content\/uploads\/2020\/03\/Certifik\u00e1t-2-3-002_Strana_1-768x1086.png 768w, https:\/\/inteco.biz\/wp-content\/uploads\/2020\/03\/Certifik\u00e1t-2-3-002_Strana_1-212x300.png 212w, https:\/\/inteco.biz\/wp-content\/uploads\/2020\/03\/Certifik\u00e1t-2-3-002_Strana_1-724x1024.png 724w\" sizes=\"(max-width: 768px) 100vw, 768px\" \/><\/a>\n\t\t\t<\/div><\/figure><figure class='gallery-item'>\n\t\t\t<div class='gallery-icon portrait'>\n\t\t\t\t<a data-elementor-open-lightbox=\"yes\" data-elementor-lightbox-slideshow=\"8e1b0bf\" data-elementor-lightbox-title=\"Certifik\u00e1t 3 (1) (002)_Strana_1\" data-e-action-hash=\"#elementor-action%3Aaction%3Dlightbox%26settings%3DeyJpZCI6OTQ3LCJ1cmwiOiJodHRwczpcL1wvaW50ZWNvLmJpelwvd3AtY29udGVudFwvdXBsb2Fkc1wvMjAyMFwvMDNcL0NlcnRpZmlrXHUwMGUxdC0zLTEtMDAyX1N0cmFuYV8xLnBuZyIsInNsaWRlc2hvdyI6IjhlMWIwYmYifQ%3D%3D\" href='https:\/\/inteco.biz\/wp-content\/uploads\/2020\/03\/Certifik\u00e1t-3-1-002_Strana_1.png'><img loading=\"lazy\" decoding=\"async\" width=\"768\" height=\"1086\" src=\"https:\/\/inteco.biz\/wp-content\/uploads\/2020\/03\/Certifik\u00e1t-3-1-002_Strana_1-768x1086.png\" class=\"attachment-medium_large size-medium_large\" alt=\"\" srcset=\"https:\/\/inteco.biz\/wp-content\/uploads\/2020\/03\/Certifik\u00e1t-3-1-002_Strana_1-768x1086.png 768w, https:\/\/inteco.biz\/wp-content\/uploads\/2020\/03\/Certifik\u00e1t-3-1-002_Strana_1-212x300.png 212w, https:\/\/inteco.biz\/wp-content\/uploads\/2020\/03\/Certifik\u00e1t-3-1-002_Strana_1-724x1024.png 724w\" sizes=\"(max-width: 768px) 100vw, 768px\" \/><\/a>\n\t\t\t<\/div><\/figure>\n\t\t<\/div>\n\t\t<\/div>\n\t\t\t\t\t\t<\/div>\n\t\t\t\t<\/div>\n\t\t\t\t\t<\/div>\n\t\t<\/div>\n\t\t\t\t\t<\/div>\n\t\t<\/section>\n\t\t\t\t<section class=\"elementor-section elementor-top-section elementor-element elementor-element-4d95dd13 elementor-section-boxed elementor-section-height-default elementor-section-height-default\" data-id=\"4d95dd13\" data-element_type=\"section\" data-settings=\"{&quot;background_background&quot;:&quot;classic&quot;}\">\n\t\t\t\t\t\t<div class=\"elementor-container elementor-column-gap-default\">\n\t\t\t\t\t<div class=\"elementor-column elementor-col-25 elementor-top-column elementor-element elementor-element-3991699b\" data-id=\"3991699b\" data-element_type=\"column\">\n\t\t\t<div class=\"elementor-widget-wrap elementor-element-populated\">\n\t\t\t\t\t\t<div class=\"elementor-element elementor-element-2960342c elementor-position-left elementor-view-default elementor-mobile-position-top elementor-vertical-align-top elementor-widget elementor-widget-icon-box\" data-id=\"2960342c\" data-element_type=\"widget\" data-widget_type=\"icon-box.default\">\n\t\t\t\t<div class=\"elementor-widget-container\">\n\t\t\t\t\t\t\t<div class=\"elementor-icon-box-wrapper\">\n\n\t\t\t\t\t\t<div class=\"elementor-icon-box-icon\">\n\t\t\t\t<span  class=\"elementor-icon\">\n\t\t\t\t<i class=\"fa fa-home\" aria-hidden=\"true\"><\/i>\t\t\t\t<\/span>\n\t\t\t<\/div>\n\t\t\t\n\t\t\t\t\t\t<div class=\"elementor-icon-box-content\">\n\n\t\t\t\t\t\t\t\t\t<p class=\"elementor-icon-box-title\">\n\t\t\t\t\t\t<span  >\n\t\t\t\t\t\t\tADRESA\t\t\t\t\t\t<\/span>\n\t\t\t\t\t<\/p>\n\t\t\t\t\n\t\t\t\t\t\t\t\t\t<p class=\"elementor-icon-box-description\">\n\t\t\t\t\t\tINTECO, s.r.o.<br>\nHore V\u0155\u0161kom 2<br>\n010 03 \u017dilina<br>\n<br>\nI\u010cO: 46568174<br>\nI\u010c DPH: SK2023440650\t\t\t\t\t<\/p>\n\t\t\t\t\n\t\t\t<\/div>\n\t\t\t\n\t\t<\/div>\n\t\t\t\t\t\t<\/div>\n\t\t\t\t<\/div>\n\t\t\t\t\t<\/div>\n\t\t<\/div>\n\t\t\t\t<div class=\"elementor-column elementor-col-25 elementor-top-column elementor-element elementor-element-2ff4e40b\" data-id=\"2ff4e40b\" data-element_type=\"column\">\n\t\t\t<div class=\"elementor-widget-wrap elementor-element-populated\">\n\t\t\t\t\t\t<div class=\"elementor-element elementor-element-fc1d31f elementor-position-left elementor-view-default elementor-mobile-position-top elementor-vertical-align-top elementor-widget elementor-widget-icon-box\" data-id=\"fc1d31f\" data-element_type=\"widget\" data-widget_type=\"icon-box.default\">\n\t\t\t\t<div class=\"elementor-widget-container\">\n\t\t\t\t\t\t\t<div class=\"elementor-icon-box-wrapper\">\n\n\t\t\t\t\t\t<div class=\"elementor-icon-box-icon\">\n\t\t\t\t<span  class=\"elementor-icon\">\n\t\t\t\t<i class=\"fa fa-phone\" aria-hidden=\"true\"><\/i>\t\t\t\t<\/span>\n\t\t\t<\/div>\n\t\t\t\n\t\t\t\t\t\t<div class=\"elementor-icon-box-content\">\n\n\t\t\t\t\t\t\t\t\t<p class=\"elementor-icon-box-title\">\n\t\t\t\t\t\t<span  >\n\t\t\t\t\t\t\tKONTAKTY\t\t\t\t\t\t<\/span>\n\t\t\t\t\t<\/p>\n\t\t\t\t\n\t\t\t\t\t\t\t\t\t<p class=\"elementor-icon-box-description\">\n\t\t\t\t\t\tTEL:    00421 (0)940 999 005<br>\nEMAIL: info@inteco.biz\n<img decoding=\"async\" src=\"http:\/\/inteco.biz\/wp-content\/uploads\/2018\/07\/Slovakia_blank_map-2.png\" alt=\"MAPA\" height=\"140\">\t\t\t\t\t<\/p>\n\t\t\t\t\n\t\t\t<\/div>\n\t\t\t\n\t\t<\/div>\n\t\t\t\t\t\t<\/div>\n\t\t\t\t<\/div>\n\t\t\t\t\t<\/div>\n\t\t<\/div>\n\t\t\t\t<div class=\"elementor-column elementor-col-25 elementor-top-column elementor-element elementor-element-333beee5\" data-id=\"333beee5\" data-element_type=\"column\">\n\t\t\t<div class=\"elementor-widget-wrap elementor-element-populated\">\n\t\t\t\t\t\t<div class=\"elementor-element elementor-element-e2f34e3 elementor-position-left elementor-view-default elementor-mobile-position-top elementor-vertical-align-top elementor-widget elementor-widget-icon-box\" data-id=\"e2f34e3\" data-element_type=\"widget\" data-widget_type=\"icon-box.default\">\n\t\t\t\t<div class=\"elementor-widget-container\">\n\t\t\t\t\t\t\t<div class=\"elementor-icon-box-wrapper\">\n\n\t\t\t\t\t\t<div class=\"elementor-icon-box-icon\">\n\t\t\t\t<span  class=\"elementor-icon\">\n\t\t\t\t<i class=\"fa fa-bars\" aria-hidden=\"true\"><\/i>\t\t\t\t<\/span>\n\t\t\t<\/div>\n\t\t\t\n\t\t\t\t\t\t<div class=\"elementor-icon-box-content\">\n\n\t\t\t\t\t\t\t\t\t<p class=\"elementor-icon-box-title\">\n\t\t\t\t\t\t<span  >\n\t\t\t\t\t\t\tPON\u00daKAME\t\t\t\t\t\t<\/span>\n\t\t\t\t\t<\/p>\n\t\t\t\t\n\t\t\t\t\t\t\t\t\t<p class=\"elementor-icon-box-description\">\n\t\t\t\t\t\tSTROJ\u00c1RSKA V\u00ddROBA\n<br>\nCNC OBR\u00c1BANIE<br>\nZV\u00c1RANIE<br>\nPOVRCHOV\u00c1 \u00daPRAVA<br>\nTEPELN\u00c9 SPRACOVANIE<br>\nKVALITA A MERANIE<br>\n\t\t\t\t\t<\/p>\n\t\t\t\t\n\t\t\t<\/div>\n\t\t\t\n\t\t<\/div>\n\t\t\t\t\t\t<\/div>\n\t\t\t\t<\/div>\n\t\t\t\t\t<\/div>\n\t\t<\/div>\n\t\t\t\t<div class=\"elementor-column elementor-col-25 elementor-top-column elementor-element elementor-element-67510d30\" data-id=\"67510d30\" data-element_type=\"column\">\n\t\t\t<div class=\"elementor-widget-wrap elementor-element-populated\">\n\t\t\t\t\t\t<div class=\"elementor-element elementor-element-2592fdf0 elementor-position-left elementor-view-default elementor-mobile-position-top elementor-vertical-align-top elementor-widget elementor-widget-icon-box\" data-id=\"2592fdf0\" data-element_type=\"widget\" data-widget_type=\"icon-box.default\">\n\t\t\t\t<div class=\"elementor-widget-container\">\n\t\t\t\t\t\t\t<div class=\"elementor-icon-box-wrapper\">\n\n\t\t\t\t\t\t<div class=\"elementor-icon-box-icon\">\n\t\t\t\t<span  class=\"elementor-icon\">\n\t\t\t\t<i class=\"fa fa-copyright\" aria-hidden=\"true\"><\/i>\t\t\t\t<\/span>\n\t\t\t<\/div>\n\t\t\t\n\t\t\t\t\t\t<div class=\"elementor-icon-box-content\">\n\n\t\t\t\t\t\t\t\t\t<p class=\"elementor-icon-box-title\">\n\t\t\t\t\t\t<span  >\n\t\t\t\t\t\t\tINFO\t\t\t\t\t\t<\/span>\n\t\t\t\t\t<\/p>\n\t\t\t\t\n\t\t\t\t\t\t\t\t\t<p class=\"elementor-icon-box-description\">\n\t\t\t\t\t\tPou\u017e\u00edvan\u00edm str\u00e1nky s\u00fahlas\u00edte s vyu\u017eit\u00edm cookies.<br>V\u0161etky pr\u00e1va vyhraden\u00e9. <br>Copyright INTECO s.r.o. 2019<br><br>RESPONSIVE FOR D-T-M\t\t\t\t\t<\/p>\n\t\t\t\t\n\t\t\t<\/div>\n\t\t\t\n\t\t<\/div>\n\t\t\t\t\t\t<\/div>\n\t\t\t\t<\/div>\n\t\t\t\t\t<\/div>\n\t\t<\/div>\n\t\t\t\t\t<\/div>\n\t\t<\/section>\n\t\t\t\t<\/div>\n\t\t","protected":false},"excerpt":{"rendered":"<p>Smart Slider with ID: 11 QUALITY MANAGEMENT SYSTEM The quality of our products is top priority for us. But without a sophisticated and integrated process quality system, this would not be possible. We own a quality management system certificate according to ISO 9001: 2016. It includes a code of ethics, an environmental management system and [&hellip;]<\/p>\n","protected":false},"author":1,"featured_media":0,"parent":0,"menu_order":0,"comment_status":"closed","ping_status":"closed","template":"","meta":{"site-sidebar-layout":"no-sidebar","site-content-layout":"page-builder","ast-site-content-layout":"default","site-content-style":"default","site-sidebar-style":"default","ast-global-header-display":"","ast-banner-title-visibility":"","ast-main-header-display":"","ast-hfb-above-header-display":"","ast-hfb-below-header-display":"","ast-hfb-mobile-header-display":"","site-post-title":"disabled","ast-breadcrumbs-content":"","ast-featured-img":"disabled","footer-sml-layout":"","theme-transparent-header-meta":"","adv-header-id-meta":"","stick-header-meta":"","header-above-stick-meta":"","header-main-stick-meta":"","header-below-stick-meta":"","astra-migrate-meta-layouts":"default","ast-page-background-enabled":"default","ast-page-background-meta":{"desktop":{"background-color":"var(--ast-global-color-4)","background-image":"","background-repeat":"repeat","background-position":"center center","background-size":"auto","background-attachment":"scroll","background-type":"","background-media":"","overlay-type":"","overlay-color":"","overlay-opacity":"","overlay-gradient":""},"tablet":{"background-color":"","background-image":"","background-repeat":"repeat","background-position":"center center","background-size":"auto","background-attachment":"scroll","background-type":"","background-media":"","overlay-type":"","overlay-color":"","overlay-opacity":"","overlay-gradient":""},"mobile":{"background-color":"","background-image":"","background-repeat":"repeat","background-position":"center center","background-size":"auto","background-attachment":"scroll","background-type":"","background-media":"","overlay-type":"","overlay-color":"","overlay-opacity":"","overlay-gradient":""}},"ast-content-background-meta":{"desktop":{"background-color":"var(--ast-global-color-5)","background-image":"","background-repeat":"repeat","background-position":"center center","background-size":"auto","background-attachment":"scroll","background-type":"","background-media":"","overlay-type":"","overlay-color":"","overlay-opacity":"","overlay-gradient":""},"tablet":{"background-color":"var(--ast-global-color-5)","background-image":"","background-repeat":"repeat","background-position":"center center","background-size":"auto","background-attachment":"scroll","background-type":"","background-media":"","overlay-type":"","overlay-color":"","overlay-opacity":"","overlay-gradient":""},"mobile":{"background-color":"var(--ast-global-color-5)","background-image":"","background-repeat":"repeat","background-position":"center center","background-size":"auto","background-attachment":"scroll","background-type":"","background-media":"","overlay-type":"","overlay-color":"","overlay-opacity":"","overlay-gradient":""}},"footnotes":""},"class_list":["post-954","page","type-page","status-publish","hentry"],"_links":{"self":[{"href":"https:\/\/inteco.biz\/index.php?rest_route=\/wp\/v2\/pages\/954","targetHints":{"allow":["GET"]}}],"collection":[{"href":"https:\/\/inteco.biz\/index.php?rest_route=\/wp\/v2\/pages"}],"about":[{"href":"https:\/\/inteco.biz\/index.php?rest_route=\/wp\/v2\/types\/page"}],"author":[{"embeddable":true,"href":"https:\/\/inteco.biz\/index.php?rest_route=\/wp\/v2\/users\/1"}],"replies":[{"embeddable":true,"href":"https:\/\/inteco.biz\/index.php?rest_route=%2Fwp%2Fv2%2Fcomments&post=954"}],"version-history":[{"count":4,"href":"https:\/\/inteco.biz\/index.php?rest_route=\/wp\/v2\/pages\/954\/revisions"}],"predecessor-version":[{"id":1117,"href":"https:\/\/inteco.biz\/index.php?rest_route=\/wp\/v2\/pages\/954\/revisions\/1117"}],"wp:attachment":[{"href":"https:\/\/inteco.biz\/index.php?rest_route=%2Fwp%2Fv2%2Fmedia&parent=954"}],"curies":[{"name":"wp","href":"https:\/\/api.w.org\/{rel}","templated":true}]}}